{"id":40,"date":"2024-01-16T11:37:51","date_gmt":"2024-01-16T10:37:51","guid":{"rendered":"https:\/\/www.michelegrenier.fr\/?page_id=40"},"modified":"2024-02-12T11:21:11","modified_gmt":"2024-02-12T10:21:11","slug":"accueil","status":"publish","type":"page","link":"https:\/\/www.michelegrenier.fr\/","title":{"rendered":"Accueil"},"content":{"rendered":"\t\t<div data-elementor-type=\"wp-page\" data-elementor-id=\"40\" class=\"elementor elementor-40\">\n\t\t\t\t<div class=\"elementor-element elementor-element-287c3aa e-flex e-con-boxed e-con e-parent\" data-id=\"287c3aa\" data-element_type=\"container\" data-settings=\"{&quot;content_width&quot;:&quot;boxed&quot;}\" data-core-v316-plus=\"true\">\n\t\t\t\t\t<div class=\"e-con-inner\">\n\t\t\t\t<div class=\"elementor-element elementor-element-2af7f34 elementor-widget elementor-widget-spacer\" data-id=\"2af7f34\" data-element_type=\"widget\" data-widget_type=\"spacer.default\">\n\t\t\t\t<div class=\"elementor-widget-container\">\n\t\t\t<style>\/*! elementor - v3.19.0 - 07-02-2024 *\/\n.elementor-column .elementor-spacer-inner{height:var(--spacer-size)}.e-con{--container-widget-width:100%}.e-con-inner>.elementor-widget-spacer,.e-con>.elementor-widget-spacer{width:var(--container-widget-width,var(--spacer-size));--align-self:var(--container-widget-align-self,initial);--flex-shrink:0}.e-con-inner>.elementor-widget-spacer>.elementor-widget-container,.e-con>.elementor-widget-spacer>.elementor-widget-container{height:100%;width:100%}.e-con-inner>.elementor-widget-spacer>.elementor-widget-container>.elementor-spacer,.e-con>.elementor-widget-spacer>.elementor-widget-container>.elementor-spacer{height:100%}.e-con-inner>.elementor-widget-spacer>.elementor-widget-container>.elementor-spacer>.elementor-spacer-inner,.e-con>.elementor-widget-spacer>.elementor-widget-container>.elementor-spacer>.elementor-spacer-inner{height:var(--container-widget-height,var(--spacer-size))}.e-con-inner>.elementor-widget-spacer.elementor-widget-empty,.e-con>.elementor-widget-spacer.elementor-widget-empty{position:relative;min-height:22px;min-width:22px}.e-con-inner>.elementor-widget-spacer.elementor-widget-empty .elementor-widget-empty-icon,.e-con>.elementor-widget-spacer.elementor-widget-empty .elementor-widget-empty-icon{position:absolute;top:0;bottom:0;left:0;right:0;margin:auto;padding:0;width:22px;height:22px}<\/style>\t\t<div class=\"elementor-spacer\">\n\t\t\t<div class=\"elementor-spacer-inner\"><\/div>\n\t\t<\/div>\n\t\t\t\t<\/div>\n\t\t\t\t<\/div>\n\t\t\t\t<div class=\"elementor-element elementor-element-1a69f8a elementor-widget elementor-widget-text-editor\" data-id=\"1a69f8a\" data-element_type=\"widget\" data-widget_type=\"text-editor.default\">\n\t\t\t\t<div class=\"elementor-widget-container\">\n\t\t\t<style>\/*! elementor - v3.19.0 - 07-02-2024 *\/\n.elementor-widget-text-editor.elementor-drop-cap-view-stacked .elementor-drop-cap{background-color:#69727d;color:#fff}.elementor-widget-text-editor.elementor-drop-cap-view-framed .elementor-drop-cap{color:#69727d;border:3px solid;background-color:transparent}.elementor-widget-text-editor:not(.elementor-drop-cap-view-default) .elementor-drop-cap{margin-top:8px}.elementor-widget-text-editor:not(.elementor-drop-cap-view-default) .elementor-drop-cap-letter{width:1em;height:1em}.elementor-widget-text-editor .elementor-drop-cap{float:left;text-align:center;line-height:1;font-size:50px}.elementor-widget-text-editor .elementor-drop-cap-letter{display:inline-block}<\/style>\t\t\t\t<p>L\u2019art-th\u00e9rapie est une discipline de soin qui exploite le potentiel artistique de chacun en r\u00e9ponse \u00e0 des troubles de l\u2019expression, de la relation et de la communication.<\/p><p>L\u2019art, par son pouvoir expressif, relationnel et \u00e9ducatif, est utilis\u00e9 comme processeur dans un projet th\u00e9rapeutique \u00e9labor\u00e9 avec le patient.<\/p><p>L\u2019art-th\u00e9rapie est une discipline du param\u00e9dical et peut \u00eatre compl\u00e9mentaire \u00e0 d\u2019autres prises en soin.<\/p><p>L\u2019art-th\u00e9rapeute est un professionnel form\u00e9 et dipl\u00f4m\u00e9. Il garantit un cadre th\u00e9rapeutique et utilise des outils sp\u00e9cifiques d\u2019observation et d\u2019\u00e9valuation.<\/p>\t\t\t\t\t\t<\/div>\n\t\t\t\t<\/div>\n\t\t\t\t<div class=\"elementor-element elementor-element-da06039 elementor-widget elementor-widget-text-editor\" data-id=\"da06039\" data-element_type=\"widget\" data-widget_type=\"text-editor.default\">\n\t\t\t\t<div class=\"elementor-widget-container\">\n\t\t\t\t\t\t\t<p><strong>Objectifs g\u00e9n\u00e9raux<\/strong><\/p><p>L\u2019art-th\u00e9rapie est indiqu\u00e9e pour\u00a0 travailler la gestion des \u00e9motions, la r\u00e9gulation de l\u2019humeur, le l\u00e2cher-prise, mais aussi l\u2019estime, la confiance et l\u2019affirmation de soi.<\/p>\t\t\t\t\t\t<\/div>\n\t\t\t\t<\/div>\n\t\t\t\t<div class=\"elementor-element elementor-element-2999099 elementor-widget elementor-widget-text-editor\" data-id=\"2999099\" data-element_type=\"widget\" data-widget_type=\"text-editor.default\">\n\t\t\t\t<div class=\"elementor-widget-container\">\n\t\t\t\t\t\t\t<p><strong>Pour qui ?<\/strong><\/p><p>Enfants, adolescents, adultes et seniors, l\u2019art-th\u00e9rapie peut-\u00eatre pr\u00e9conis\u00e9e lorsque la personne rencontre des difficult\u00e9s relationnelles ou d\u2019expression. Aucune ma\u00eetrise artistique n\u2019est requise.<\/p><p>L\u2019art-th\u00e9rapie peut \u00eatre prescrite par un professionnel de sant\u00e9, une \u00e9quipe pluridisciplinaire ou encore une \u00e9quipe socio-\u00e9ducative.<\/p>\t\t\t\t\t\t<\/div>\n\t\t\t\t<\/div>\n\t\t\t\t<div class=\"elementor-element elementor-element-1f83db8 elementor-widget elementor-widget-spacer\" data-id=\"1f83db8\" data-element_type=\"widget\" data-widget_type=\"spacer.default\">\n\t\t\t\t<div class=\"elementor-widget-container\">\n\t\t\t\t\t<div class=\"elementor-spacer\">\n\t\t\t<div class=\"elementor-spacer-inner\"><\/div>\n\t\t<\/div>\n\t\t\t\t<\/div>\n\t\t\t\t<\/div>\n\t\t\t\t\t<\/div>\n\t\t\t\t<\/div>\n\t\t\t\t<\/div>\n\t\t","protected":false},"excerpt":{"rendered":"<p>L\u2019art-th\u00e9rapie est une discipline de soin qui exploite le potentiel artistique de chacun en r\u00e9ponse \u00e0 des troubles de l\u2019expression, [&hellip;]<\/p>\n","protected":false},"author":1,"featured_media":0,"parent":0,"menu_order":0,"comment_status":"closed","ping_status":"closed","template":"","meta":{"site-sidebar-layout":"no-sidebar","site-content-layout":"","ast-site-content-layout":"full-width-container","site-content-style":"default","site-sidebar-style":"default","ast-global-header-display":"","ast-banner-title-visibility":"","ast-main-header-display":"","ast-hfb-above-header-display":"","ast-hfb-below-header-display":"","ast-hfb-mobile-header-display":"","site-post-title":"disabled","ast-breadcrumbs-content":"","ast-featured-img":"disabled","footer-sml-layout":"","theme-transparent-header-meta":"","adv-header-id-meta":"","stick-header-meta":"","header-above-stick-meta":"","header-main-stick-meta":"","header-below-stick-meta":"","astra-migrate-meta-layouts":"default","ast-page-background-enabled":"default","ast-page-background-meta":{"desktop":{"background-color":"var(--ast-global-color-4)","background-image":"","background-repeat":"repeat","background-position":"center center","background-size":"auto","background-attachment":"scroll","background-type":"","background-media":"","overlay-type":"","overlay-color":"","overlay-gradient":""},"tablet":{"background-color":"","background-image":"","background-repeat":"repeat","background-position":"center center","background-size":"auto","background-attachment":"scroll","background-type":"","background-media":"","overlay-type":"","overlay-color":"","overlay-gradient":""},"mobile":{"background-color":"","background-image":"","background-repeat":"repeat","background-position":"center center","background-size":"auto","background-attachment":"scroll","background-type":"","background-media":"","overlay-type":"","overlay-color":"","overlay-gradient":""}},"ast-content-background-meta":{"desktop":{"background-color":"var(--ast-global-color-5)","background-image":"","background-repeat":"repeat","background-position":"center center","background-size":"auto","background-attachment":"scroll","background-type":"","background-media":"","overlay-type":"","overlay-color":"","overlay-gradient":""},"tablet":{"background-color":"var(--ast-global-color-5)","background-image":"","background-repeat":"repeat","background-position":"center center","background-size":"auto","background-attachment":"scroll","background-type":"","background-media":"","overlay-type":"","overlay-color":"","overlay-gradient":""},"mobile":{"background-color":"var(--ast-global-color-5)","background-image":"","background-repeat":"repeat","background-position":"center center","background-size":"auto","background-attachment":"scroll","background-type":"","background-media":"","overlay-type":"","overlay-color":"","overlay-gradient":""}},"footnotes":""},"class_list":["post-40","page","type-page","status-publish","hentry"],"yoast_head":"<!-- This site is optimized with the Yoast SEO plugin v22.0 - https:\/\/yoast.com\/wordpress\/plugins\/seo\/ -->\n<title>Accueil - Art-th\u00e9rapeute Rennes | Mich\u00e8le Grenier<\/title>\n<meta name=\"robots\" content=\"index, follow, max-snippet:-1, max-image-preview:large, max-video-preview:-1\" \/>\n<link rel=\"canonical\" href=\"https:\/\/www.michelegrenier.fr\/\" \/>\n<meta property=\"og:locale\" content=\"fr_FR\" \/>\n<meta property=\"og:type\" content=\"article\" \/>\n<meta property=\"og:title\" content=\"Accueil - Art-th\u00e9rapeute Rennes | Mich\u00e8le Grenier\" \/>\n<meta property=\"og:description\" content=\"L\u2019art-th\u00e9rapie est une discipline de soin qui exploite le potentiel artistique de chacun en r\u00e9ponse \u00e0 des troubles de l\u2019expression, [&hellip;]\" \/>\n<meta property=\"og:url\" content=\"https:\/\/www.michelegrenier.fr\/\" \/>\n<meta property=\"og:site_name\" content=\"Art-th\u00e9rapeute Rennes | Mich\u00e8le Grenier\" \/>\n<meta property=\"article:modified_time\" content=\"2024-02-12T10:21:11+00:00\" \/>\n<meta name=\"twitter:card\" content=\"summary_large_image\" \/>\n<meta name=\"twitter:label1\" content=\"Dur\u00e9e de lecture estim\u00e9e\" \/>\n\t<meta name=\"twitter:data1\" content=\"1 minute\" \/>\n<script type=\"application\/ld+json\" class=\"yoast-schema-graph\">{\"@context\":\"https:\/\/schema.org\",\"@graph\":[{\"@type\":\"WebPage\",\"@id\":\"https:\/\/www.michelegrenier.fr\/\",\"url\":\"https:\/\/www.michelegrenier.fr\/\",\"name\":\"Accueil - Art-th\u00e9rapeute Rennes | Mich\u00e8le Grenier\",\"isPartOf\":{\"@id\":\"https:\/\/www.michelegrenier.fr\/#website\"},\"datePublished\":\"2024-01-16T10:37:51+00:00\",\"dateModified\":\"2024-02-12T10:21:11+00:00\",\"breadcrumb\":{\"@id\":\"https:\/\/www.michelegrenier.fr\/#breadcrumb\"},\"inLanguage\":\"fr-FR\",\"potentialAction\":[{\"@type\":\"ReadAction\",\"target\":[\"https:\/\/www.michelegrenier.fr\/\"]}]},{\"@type\":\"BreadcrumbList\",\"@id\":\"https:\/\/www.michelegrenier.fr\/#breadcrumb\",\"itemListElement\":[{\"@type\":\"ListItem\",\"position\":1,\"name\":\"Accueil\",\"item\":\"https:\/\/www.michelegrenier.fr\/\"},{\"@type\":\"ListItem\",\"position\":2,\"name\":\"Accueil\"}]},{\"@type\":\"WebSite\",\"@id\":\"https:\/\/www.michelegrenier.fr\/#website\",\"url\":\"https:\/\/www.michelegrenier.fr\/\",\"name\":\"Art-th\u00e9rapeute Rennes | Mich\u00e8le Grenier\",\"description\":\"\",\"publisher\":{\"@id\":\"https:\/\/www.michelegrenier.fr\/#organization\"},\"potentialAction\":[{\"@type\":\"SearchAction\",\"target\":{\"@type\":\"EntryPoint\",\"urlTemplate\":\"https:\/\/www.michelegrenier.fr\/?s={search_term_string}\"},\"query-input\":\"required name=search_term_string\"}],\"inLanguage\":\"fr-FR\"},{\"@type\":\"Organization\",\"@id\":\"https:\/\/www.michelegrenier.fr\/#organization\",\"name\":\"Art-th\u00e9rapeute Rennes | Mich\u00e8le Grenier\",\"url\":\"https:\/\/www.michelegrenier.fr\/\",\"logo\":{\"@type\":\"ImageObject\",\"inLanguage\":\"fr-FR\",\"@id\":\"https:\/\/www.michelegrenier.fr\/#\/schema\/logo\/image\/\",\"url\":\"https:\/\/www.michelegrenier.fr\/wp-content\/uploads\/2024\/01\/logo_michele_bleu_blanc.png\",\"contentUrl\":\"https:\/\/www.michelegrenier.fr\/wp-content\/uploads\/2024\/01\/logo_michele_bleu_blanc.png\",\"width\":1000,\"height\":417,\"caption\":\"Art-th\u00e9rapeute Rennes | Mich\u00e8le Grenier\"},\"image\":{\"@id\":\"https:\/\/www.michelegrenier.fr\/#\/schema\/logo\/image\/\"}}]}<\/script>\n<!-- \/ Yoast SEO plugin. -->","yoast_head_json":{"title":"Accueil - Art-th\u00e9rapeute Rennes | Mich\u00e8le Grenier","robots":{"index":"index","follow":"follow","max-snippet":"max-snippet:-1","max-image-preview":"max-image-preview:large","max-video-preview":"max-video-preview:-1"},"canonical":"https:\/\/www.michelegrenier.fr\/","og_locale":"fr_FR","og_type":"article","og_title":"Accueil - Art-th\u00e9rapeute Rennes | Mich\u00e8le Grenier","og_description":"L\u2019art-th\u00e9rapie est une discipline de soin qui exploite le potentiel artistique de chacun en r\u00e9ponse \u00e0 des troubles de l\u2019expression, [&hellip;]","og_url":"https:\/\/www.michelegrenier.fr\/","og_site_name":"Art-th\u00e9rapeute Rennes | Mich\u00e8le Grenier","article_modified_time":"2024-02-12T10:21:11+00:00","twitter_card":"summary_large_image","twitter_misc":{"Dur\u00e9e de lecture estim\u00e9e":"1 minute"},"schema":{"@context":"https:\/\/schema.org","@graph":[{"@type":"WebPage","@id":"https:\/\/www.michelegrenier.fr\/","url":"https:\/\/www.michelegrenier.fr\/","name":"Accueil - Art-th\u00e9rapeute Rennes | Mich\u00e8le Grenier","isPartOf":{"@id":"https:\/\/www.michelegrenier.fr\/#website"},"datePublished":"2024-01-16T10:37:51+00:00","dateModified":"2024-02-12T10:21:11+00:00","breadcrumb":{"@id":"https:\/\/www.michelegrenier.fr\/#breadcrumb"},"inLanguage":"fr-FR","potentialAction":[{"@type":"ReadAction","target":["https:\/\/www.michelegrenier.fr\/"]}]},{"@type":"BreadcrumbList","@id":"https:\/\/www.michelegrenier.fr\/#breadcrumb","itemListElement":[{"@type":"ListItem","position":1,"name":"Accueil","item":"https:\/\/www.michelegrenier.fr\/"},{"@type":"ListItem","position":2,"name":"Accueil"}]},{"@type":"WebSite","@id":"https:\/\/www.michelegrenier.fr\/#website","url":"https:\/\/www.michelegrenier.fr\/","name":"Art-th\u00e9rapeute Rennes | Mich\u00e8le Grenier","description":"","publisher":{"@id":"https:\/\/www.michelegrenier.fr\/#organization"},"potentialAction":[{"@type":"SearchAction","target":{"@type":"EntryPoint","urlTemplate":"https:\/\/www.michelegrenier.fr\/?s={search_term_string}"},"query-input":"required name=search_term_string"}],"inLanguage":"fr-FR"},{"@type":"Organization","@id":"https:\/\/www.michelegrenier.fr\/#organization","name":"Art-th\u00e9rapeute Rennes | Mich\u00e8le Grenier","url":"https:\/\/www.michelegrenier.fr\/","logo":{"@type":"ImageObject","inLanguage":"fr-FR","@id":"https:\/\/www.michelegrenier.fr\/#\/schema\/logo\/image\/","url":"https:\/\/www.michelegrenier.fr\/wp-content\/uploads\/2024\/01\/logo_michele_bleu_blanc.png","contentUrl":"https:\/\/www.michelegrenier.fr\/wp-content\/uploads\/2024\/01\/logo_michele_bleu_blanc.png","width":1000,"height":417,"caption":"Art-th\u00e9rapeute Rennes | Mich\u00e8le Grenier"},"image":{"@id":"https:\/\/www.michelegrenier.fr\/#\/schema\/logo\/image\/"}}]}},"_links":{"self":[{"href":"https:\/\/www.michelegrenier.fr\/index.php\/wp-json\/wp\/v2\/pages\/40","targetHints":{"allow":["GET"]}}],"collection":[{"href":"https:\/\/www.michelegrenier.fr\/index.php\/wp-json\/wp\/v2\/pages"}],"about":[{"href":"https:\/\/www.michelegrenier.fr\/index.php\/wp-json\/wp\/v2\/types\/page"}],"author":[{"embeddable":true,"href":"https:\/\/www.michelegrenier.fr\/index.php\/wp-json\/wp\/v2\/users\/1"}],"replies":[{"embeddable":true,"href":"https:\/\/www.michelegrenier.fr\/index.php\/wp-json\/wp\/v2\/comments?post=40"}],"version-history":[{"count":19,"href":"https:\/\/www.michelegrenier.fr\/index.php\/wp-json\/wp\/v2\/pages\/40\/revisions"}],"predecessor-version":[{"id":365,"href":"https:\/\/www.michelegrenier.fr\/index.php\/wp-json\/wp\/v2\/pages\/40\/revisions\/365"}],"wp:attachment":[{"href":"https:\/\/www.michelegrenier.fr\/index.php\/wp-json\/wp\/v2\/media?parent=40"}],"curies":[{"name":"wp","href":"https:\/\/api.w.org\/{rel}","templated":true}]}}